{"id":223,"date":"2019-07-02T10:46:46","date_gmt":"2019-07-02T10:46:46","guid":{"rendered":"http:\/\/heizungsservice-distel.de\/?page_id=223"},"modified":"2019-07-02T10:46:46","modified_gmt":"2019-07-02T10:46:46","slug":"datenschutzerklaerung","status":"publish","type":"page","link":"http:\/\/heizungsservice-distel.de\/?page_id=223","title":{"rendered":"Datenschutzerkl\u00e4rung"},"content":{"rendered":"\n<p>1. Im Folgenden informieren wir \u00fcber die Erhebung\npersonenbezogener Daten bei Nutzung unserer Website. Personenbezogene Daten\nsind alle Daten, die auf Sie pers\u00f6nlich beziehbar sind, z.B. Name, Adresse,\nE-Mail-Adresse, Nutzerverhalten.<\/p>\n\n\n\n<p>I. Information \u00fcber die Erhebung personenbezogener Daten<\/p>\n\n\n\n<p>2. Verantwortlicher gem. Art. 4 Abs. 7\nEU-Datenschutz-Grundverordnung (DSGVO) ist: Zentralverband Sanit\u00e4r Heizung\nKlima ZVSHK, Rathausalle 6, 53757 Sankt Augustin.<\/p>\n\n\n\n<p>3. Unseren Datenschutzbeauftragten erreichen Sie unter <a href=\"javascript:linkTo_UnCryptMailto('qempxs.hexirwglyxdDdzwlo2hi');\">datenschutz(at)zvshk.de<\/a> oder unserer Postadresse mit dem Zusatz &#8222;Der\nDatenschutzbeauftragte&#8220;.<\/p>\n\n\n\n<p>4. Bei Ihrer Kontaktaufnahme mit uns per E-Mail oder \u00fcber\nein Kontaktformular werden die von Ihnen mitgeteilten Daten (wie z.B. Ihre\nE-Mail-Adresse, Ihr Name, etc.) von uns gespeichert, um Ihr Anliegen zu\nbeantworten. Die in diesem Zusammenhang anfallenden Daten l\u00f6schen wir, nachdem\ndie Speicherung nicht mehr erforderlich ist, oder schr\u00e4nken die Verarbeitung\nein, falls gesetzliche Aufbewahrungspflichten bestehen.<br>\n&nbsp;<\/p>\n\n\n\n<p>II. Ihre Rechte<\/p>\n\n\n\n<p>1. Sie haben gegen\u00fcber uns folgende Rechte hinsichtlich\nder Sie betreffenden personenbezogenen Daten:<\/p>\n\n\n\n<ul><li>Recht auf Auskunft,<\/li><li>Recht auf Berichtigung\noder L\u00f6schung,<\/li><li>Recht auf\nEinschr\u00e4nkung der Verarbeitung,<\/li><li>Recht auf\nWiderspruch gegen die Verarbeitung,<\/li><li>Recht auf\nDaten\u00fcbertragbarkeit.<\/li><\/ul>\n\n\n\n<p>2. Sie haben zudem das Recht, sich bei einer\nDatenschutz-Aufsichtsbeh\u00f6rde \u00fcber die Verarbeitung Ihrer personenbezogenen\nDaten durch uns zu beschweren.<br>\n&nbsp;<\/p>\n\n\n\n<p>III. Erhebung personenbezogener Daten bei Besuch unserer Website<\/p>\n\n\n\n<p>1. Bei der blo\u00df informatorischen Nutzung der Website\nerheben wir nur die personenbezogenen Daten, die Ihr Browser an unseren Server\n\u00fcbermittelt. Wenn Sie unsere Website betrachten m\u00f6chten, erheben wir die\nfolgenden Daten, die f\u00fcr uns technisch erforderlich sind, um Ihnen unsere\nWebsite anzuzeigen und die Stabilit\u00e4t und Sicherheit zu gew\u00e4hrleisten\n(Rechtsgrundlage ist Art. 6 Abs. 1 S. 1 lit. f DS-GVO):<\/p>\n\n\n\n<ul><li>IP-Adresse<\/li><li>Datum und Uhrzeit\nder Anfrage<\/li><li>Zeitzonendifferenz\nzur Greenwich Mean Time (GMT)<\/li><li>Inhalt der\nAnforderung (konkrete Seite)<\/li><li>Zugriffsstatus\/HTTP-Statuscode<\/li><li>jeweils \u00fcbertragene\nDatenmenge<\/li><li>Website, von der\ndie Anforderung kommt<\/li><li>Browser<\/li><li>Betriebssystem und dessen\nOberfl\u00e4che<\/li><li>Sprache und Version\nder Browsersoftware.<\/li><\/ul>\n\n\n\n<p>2. Zus\u00e4tzlich zu den zuvor genannten Daten werden bei\nIhrer Nutzung unserer Website Cookies auf Ihrem Rechner gespeichert. Bei\nCookies handelt es sich um kleine Textdateien, die auf Ihrer Festplatte dem von\nIhnen verwendeten Browser zugeordnet gespeichert werden und durch welche der\nStelle, die den Cookie setzt (hier durch uns), bestimmte Informationen\nzuflie\u00dfen. Cookies k\u00f6nnen keine Programme ausf\u00fchren oder Viren auf Ihren\nComputer \u00fcbertragen. Sie dienen dazu, das Internetangebot insgesamt\nnutzerfreundlicher und effektiver zu machen.<\/p>\n\n\n\n<p>3. Einsatz von Cookies:<\/p>\n\n\n\n<p>a. Diese Website nutzt folgende Arten von Cookies, deren\nUmfang und Funktionsweise im Folgenden erl\u00e4utert werden:<\/p>\n\n\n\n<ul><li>Transiente Cookies\n(dazu bb.)<\/li><li>Persistente Cookies\n(dazu cc.).<\/li><\/ul>\n\n\n\n<p>b. Transiente Cookies werden automatisiert gel\u00f6scht, wenn\nSie den Browser schlie\u00dfen. Dazu z\u00e4hlen insbesondere die Session-Cookies. Diese\nspeichern eine sogenannte Session-ID, mit welcher sich verschiedene Anfragen\nIhres Browsers der gemeinsamen Sitzung zuordnen lassen. Dadurch kann Ihr\nRechner wiedererkannt werden, wenn Sie auf unsere Website zur\u00fcckkehren. Die\nSession-Cookies werden gel\u00f6scht, wenn Sie sich ausloggen oder den Browser\nschlie\u00dfen.<\/p>\n\n\n\n<p>c. Persistente Cookies werden automatisiert nach einer\nvorgegebenen Dauer gel\u00f6scht, die sich je nach Cookie unterscheiden kann. Sie\nk\u00f6nnen die Cookies in den Sicherheitseinstellungen Ihres Browsers jederzeit\nl\u00f6schen.<\/p>\n\n\n\n<p>d. Sie k\u00f6nnen Ihre Browser-Einstellung entsprechend Ihren\nW\u00fcnschen konfigurieren und z.B. die Annahme von Third-Party-Cookies oder allen\nCookies ablehnen. Wir weisen Sie darauf hin, dass Sie eventuell nicht alle\nFunktionen dieser Website nutzen k\u00f6nnen.<\/p>\n\n\n\n<p>e. Ggfs. genutzte Flash-Cookies werden nicht durch Ihren\nBrowser erfasst, sondern durch Ihr Flash-Plug-in. Weiterhin nutzen wir HTML5\nstorage objects, die auf Ihrem Endger\u00e4t abgelegt werden. Diese Objekte\nspeichern die erforderlichen Daten unabh\u00e4ngig von Ihrem verwendeten Browser und\nhaben kein automatisches Ablaufdatum. Wenn Sie keine Verarbeitung der\nFlash-Cookies w\u00fcnschen, m\u00fcssen Sie ein entsprechendes Add-On installieren, z.B.\n\u201eClear Flash Cookies\u201c f\u00fcr Mozilla Firefox (<a href=\"https:\/\/addons.mozilla.org\/en-US\/firefox\/addon\/clear-flash-cookies\/\" target=\"_blank\" rel=\"noreferrer noopener\">https:\/\/addons.mozilla.org\/en-US\/firefox\/addon\/clear-flash-cookies\/<\/a>) oder &#8222;Click&amp;Clean&#8220; f\u00fcr Google Chrome. Die\nNutzung von HTML5 storage objects k\u00f6nnen Sie verhindern, indem Sie in Ihrem\nBrowser den privaten Modus einsetzen. Zudem empfehlen wir, regelm\u00e4\u00dfig Ihre\nCookies und den Browser-Verlauf manuell zu l\u00f6schen.<br>\n&nbsp;<\/p>\n\n\n\n<p>IV. Einsatz von Piwik<\/p>\n\n\n\n<p>1. Diese Website nutzt den Webanalysedienst Piwik, um die\nNutzung unserer Website analysieren und regelm\u00e4\u00dfig verbessern zu k\u00f6nnen. \u00dcber\ndie gewonnenen Statistiken k\u00f6nnen wir unser Angebot verbessern und f\u00fcr Sie als\nNutzer interessanter ausgestalten. Rechtsgrundlage f\u00fcr die Nutzung von Piwik\nist Art. 6 Abs. 1 S. 1 lit. f DS-GVO.2<\/p>\n\n\n\n<p>2. F\u00fcr diese Auswertung werden Cookies (siehe auch oben)\nauf Ihrem Computer gespeichert. Die so erhobenen Informationen speichert der\nVerantwortliche ausschlie\u00dflich auf seinem Server in Deutschland. Die Auswertung\nk\u00f6nnen Sie einstellen durch L\u00f6schung vorhandener Cookies und die Verhinderung\nder Speicherung von Cookies. Wenn Sie die Speicherung der Cookies verhindern,\nweisen wir darauf hin, dass Sie gegebenenfalls diese Website nicht\nvollumf\u00e4nglich nutzen k\u00f6nnen. Die Verhinderung der Speicherung von Cookies ist\ndurch die Einstellung in ihrem Browser m\u00f6glich. Die Verhinderung des Einsatzes\nvon Piwik ist m\u00f6glich, indem Sie den folgenden Haken entfernen und so das\nOpt-out-Plug-in aktivieren:<\/p>\n\n\n\n<p>3. Piwik k\u00fcrzt zu Beginn der Verarbeitung die IP-Adressen.\nEine direkte Personenbeziehbarkeit kann damit ausgeschlossen werden. Die\nmittels Piwik von Ihrem Browser \u00fcbermittelte IP-Adresse wird nicht mit anderen\nvon uns erhobenen Daten zusammengef\u00fchrt.<\/p>\n\n\n\n<p>4. Das Programm Piwik ist ein Open-Source-Projekt.\nInformationen des Drittanbieters zum Datenschutz erhalten Sie unter <a href=\"http:\/\/piwik.org\/privacy\/policy\" target=\"_blank\" rel=\"noreferrer noopener\">http:\/\/piwik.org\/privacy\/policy<\/a>.<br>\n&nbsp;<\/p>\n\n\n\n<p>V. Einsatz von Social-Media-Plug-ins<\/p>\n\n\n\n<p>1. Wir setzen derzeit folgende Social-Media-Plug-ins ein:\nFacebook, Google+, Twitter. Wenn Sie unsere Seite besuchen, werden zun\u00e4chst\ngrunds\u00e4tzlich keine personenbezogenen Daten an die Anbieter der Plug-ins\nweitergegeben. Den Anbieter des Plug-ins erkennen Sie \u00fcber die Markierung auf\ndem Kasten \u00fcber seinen Anfangsbuchstaben oder das Logo. Wir er\u00f6ffnen Ihnen die\nM\u00f6glichkeit, \u00fcber den Button direkt mit dem Anbieter des Plug-ins zu\nkommunizieren. Nur wenn Sie auf das markierte Feld klicken und es dadurch\naktivieren, erh\u00e4lt der Plug-in-Anbieter die Information, dass Sie die\nentsprechende Website unseres Online-Angebots aufgerufen haben. Zudem werden\ndie unter III. dieser Erkl\u00e4rung genannten Daten \u00fcbermittelt. Durch die\nAktivierung des Plug-ins werden also personenbezogene Daten von Ihnen an den\njeweiligen Plug-in-Anbieter \u00fcbermittelt und dort (bei US-amerikanischen\nAnbietern in den USA) gespeichert.<\/p>\n\n\n\n<p>2. Wir haben weder Einfluss auf die erhobenen Daten und\nDatenverarbeitungsvorg\u00e4nge, noch sind uns der volle Umfang der Datenerhebung,\ndie Zwecke der Verarbeitung, die Speicherfristen bekannt. Auch zur L\u00f6schung der\nerhobenen Daten durch den Plug-in-Anbieter liegen uns keine Informationen vor.<\/p>\n\n\n\n<p>3. Der Plug-in-Anbieter speichert die \u00fcber Sie erhobenen\nDaten als Nutzungsprofile und nutzt diese f\u00fcr Zwecke der Werbung,\nMarktforschung und\/oder bedarfsgerechten Gestaltung seiner Website. Eine solche\nAuswertung erfolgt insbesondere (auch f\u00fcr nicht eingeloggte Nutzer) zur\nDarstellung von bedarfsgerechter Werbung und um andere Nutzer des sozialen\nNetzwerks \u00fcber Ihre Aktivit\u00e4ten auf unserer Website zu informieren. Ihnen steht\nein Widerspruchsrecht gegen die Bildung dieser Nutzerprofile zu, wobei Sie sich\nzur Aus\u00fcbung dessen an den jeweiligen Plug-in-Anbieter wenden m\u00fcssen. \u00dcber die\nPlug-ins bieten wir Ihnen die M\u00f6glichkeit, mit den sozialen Netzwerken und\nanderen Nutzern zu interagieren, so dass wir unser Angebot verbessern und f\u00fcr\nSie als Nutzer interessanter ausgestalten k\u00f6nnen. Rechtsgrundlage f\u00fcr die\nNutzung der Plug-ins ist Art. 6 Abs. 1 S. 1 lit. f DS-GVO.<\/p>\n\n\n\n<p>4. Die Datenweitergabe erfolgt unabh\u00e4ngig davon, ob Sie\nein Konto bei dem Plug-in-Anbieter besitzen und dort eingeloggt sind. Wenn Sie\nbei dem Plug-in-Anbieter eingeloggt sind, werden Ihre bei uns erhobenen Daten\ndirekt Ihrem beim Plug-in-Anbieter bestehenden Konto zugeordnet. Wenn Sie den\naktivierten Button bet\u00e4tigen und z. B. die Seite verlinken, speichert der\nPlug-in-Anbieter auch diese Information in Ihrem Nutzerkonto und teilt sie\nIhren Kontakten \u00f6ffentlich mit.<\/p>\n\n\n\n<p>5. Weitere Informationen zu Zweck und Umfang der\nDatenerhebung und ihrer Verarbeitung durch den Plug-in-Anbieter erhalten Sie in\nden Datenschutzerkl\u00e4rungen dieser Anbieter. Dort erhalten Sie auch weitere\nInformationen zu Ihren diesbez\u00fcglichen Rechten und Einstellungsm\u00f6glichkeiten\nzum Schutze Ihrer Privatsph\u00e4re.<br>\n&nbsp;<\/p>\n\n\n\n<p>VI. Einbindung von YouTube-Videos<\/p>\n\n\n\n<p>1. Wir k\u00f6nnen YouTube-Videos in unser Online-Angebot\neinbinden, die auf <a href=\"http:\/\/www.youtube.com\/\" target=\"_blank\" rel=\"noreferrer noopener\">www.YouTube.com<\/a> gespeichert und von unserer Website aus direkt abspielbar\nsind.<\/p>\n\n\n\n<p>2. Ist ein YouTube Video eingebunden, erh\u00e4lt YouTube durch\nden Besuch auf der Website die Information, dass Sie die entsprechende\nUnterseite unserer Website aufgerufen haben. Zudem werden die unter III. dieser\nErkl\u00e4rung genannten Daten \u00fcbermittelt. Dies erfolgt unabh\u00e4ngig davon, ob\nYouTube ein Nutzerkonto bereitstellt, \u00fcber das Sie eingeloggt sind, oder ob\nkein Nutzerkonto besteht. Wenn Sie bei Google eingeloggt sind, werden Ihre\nDaten direkt Ihrem Konto zugeordnet. Wenn Sie die Zuordnung mit Ihrem Profil\nbei YouTube nicht w\u00fcnschen, m\u00fcssen Sie sich vor Aktivierung des Buttons\nausloggen. YouTube speichert Ihre Daten als Nutzungsprofile und nutzt sie f\u00fcr\nZwecke der Werbung, Marktforschung und\/oder bedarfsgerechten Gestaltung seiner\nWebsite. Eine solche Auswertung erfolgt insbesondere (selbst f\u00fcr nicht\neingeloggte Nutzer) zur Erbringung von bedarfsgerechter Werbung und um andere\nNutzer des sozialen Netzwerks \u00fcber Ihre Aktivit\u00e4ten auf unserer Website zu\ninformieren. Ihnen steht ein Widerspruchsrecht zu gegen die Bildung dieser\nNutzerprofile, wobei Sie sich zur Aus\u00fcbung dessen an YouTube richten m\u00fcssen.<\/p>\n\n\n\n<p>3. Weitere Informationen zu Zweck und Umfang der\nDatenerhebung und ihrer Verarbeitung durch YouTube erhalten Sie in der dortigen\nDatenschutzerkl\u00e4rung. Sie erhalten auch weitere Informationen zu Ihren Rechten\nund Einstellungsm\u00f6glichkeiten zum Schutze Ihrer Privatsph\u00e4re unter: <a href=\"https:\/\/www.google.de\/intl\/de\/policies\/privacy\" target=\"_blank\" rel=\"noreferrer noopener\">https:\/\/www.google.de\/intl\/de\/policies\/privacy<\/a>. Google verarbeitet Ihre personenbezogenen Daten auch in\nden USA und hat sich dem EU-US-Privacy-Shield unterworfen, <a href=\"https:\/\/www.privacyshield.gov\/EU-US-Framework\" target=\"_blank\" rel=\"noreferrer noopener\">https:\/\/www.privacyshield.gov\/EU-US-Framework<\/a>.<br>\n&nbsp;<\/p>\n\n\n\n<p>VII. Einbindung von Google Maps<\/p>\n\n\n\n<p>1. Durch Nutzung des Angebots von Google Maps k\u00f6nnen wir\nIhnen interaktive Karten direkt in der Website anzeigen und erm\u00f6glichen Ihnen\ndie komfortable Nutzung der Karten-Funktion.<\/p>\n\n\n\n<p>2. Ist Google Maps eingebunden, erh\u00e4lt Google durch den\nBesuch auf der Website die Information, dass Sie die entsprechende Unterseite\nunserer Website aufgerufen haben. Zudem werden die unter III. dieser Erkl\u00e4rung\ngenannten Daten \u00fcbermittelt. Dies erfolgt unabh\u00e4ngig davon, ob Google ein\nNutzerkonto bereitstellt, \u00fcber das Sie eingeloggt sind, oder ob kein\nNutzerkonto besteht. Wenn Sie bei Google eingeloggt sind, werden Ihre Daten direkt\nIhrem Konto zugeordnet. Wenn Sie die Zuordnung mit Ihrem Profil bei Google\nnicht w\u00fcnschen, m\u00fcssen Sie sich vor Aktivierung des Buttons ausloggen. Google\nspeichert Ihre Daten als Nutzungsprofile und nutzt sie f\u00fcr Zwecke der Werbung,\nMarktforschung und\/oder bedarfsgerechten Gestaltung seiner Website. Eine solche\nAuswertung erfolgt insbesondere (selbst f\u00fcr nicht eingeloggte Nutzer) zur\nErbringung von bedarfsgerechter Werbung und um andere Nutzer des sozialen\nNetzwerks \u00fcber Ihre Aktivit\u00e4ten auf unserer Website zu informieren. Ihnen steht\nein Widerspruchsrecht zu gegen die Bildung dieser Nutzerprofile, wobei Sie sich\nzur Aus\u00fcbung dessen an Google richten m\u00fcssen.<\/p>\n\n\n\n<p>3. Weitere Informationen zu Zweck und Umfang der\nDatenerhebung und ihrer Verarbeitung durch den Plug-in-Anbieter erhalten Sie in\nden Datenschutzerkl\u00e4rungen des Anbieters. Dort erhalten Sie auch weitere\nInformationen zu Ihren diesbez\u00fcglichen Rechten und Einstellungsm\u00f6glichkeiten\nzum Schutze Ihrer Privatsph\u00e4re: <a href=\"http:\/\/www.google.de\/intl\/de\/policies\/privacy\" target=\"_blank\" rel=\"noreferrer noopener\">http:\/\/www.google.de\/intl\/de\/policies\/privacy<\/a>. Google verarbeitet Ihre personenbezogenen Daten auch in\nden USA und hat sich dem EU-US Privacy Shield unterworfen, <a href=\"https:\/\/www.privacyshield.gov\/EU-US-Framework\" target=\"_blank\" rel=\"noreferrer noopener\">https:\/\/www.privacyshield.gov\/EU-US-Framework<\/a>.<br>\n&nbsp;<\/p>\n\n\n\n<p>VIII. Widerspruch oder Widerruf gegen die Verarbeitung Ihrer\nDaten<\/p>\n\n\n\n<p>1. Falls Sie eine Einwilligung zur Verarbeitung Ihrer\nDaten erteilt haben, k\u00f6nnen Sie diese jederzeit widerrufen. Ein solcher Widerruf\nbeeinflusst die Zul\u00e4ssigkeit der Verarbeitung Ihrer personenbezogenen Daten,\nnachdem Sie ihn gegen\u00fcber uns ausgesprochen haben.<\/p>\n\n\n\n<p>2. Soweit wir die Verarbeitung Ihrer personenbezogenen\nDaten auf die Interessenabw\u00e4gung st\u00fctzen, k\u00f6nnen Sie Widerspruch gegen die\nVerarbeitung einlegen. Dies ist der Fall, wenn die Verarbeitung insbesondere\nnicht zur Erf\u00fcllung eines Vertrags mit Ihnen erforderlich ist, was von uns\njeweils bei der nachfolgenden Beschreibung der Funktionen dargestellt wird. Bei\nAus\u00fcbung eines solchen Widerspruchs bitten wir um Darlegung der Gr\u00fcnde, weshalb\nwir Ihre personenbezogenen Daten nicht wie von uns durchgef\u00fchrt verarbeiten\nsollten. Im Falle Ihres begr\u00fcndeten Widerspruchs pr\u00fcfen wir die Sachlage und\nwerden entweder die Datenverarbeitung einstellen bzw. anpassen oder Ihnen\nunsere zwingenden schutzw\u00fcrdigen Gr\u00fcnde aufzeigen, aufgrund derer wir die\nVerarbeitung fortf\u00fchren.<\/p>\n\n\n\n<p>3. Selbstverst\u00e4ndlich k\u00f6nnen Sie der Verarbeitung Ihrer\npersonenbezogenen Daten f\u00fcr Zwecke der Werbung und Datenanalyse jederzeit\nwidersprechen. \u00dcber Ihren Werbewiderspruch k\u00f6nnen Sie uns unter folgenden\nKontaktdaten informieren: <a href=\"javascript:linkTo_UnCryptMailto('qempxs.hexirwglyxdDdzwlo2hi');\">datenschutz(at)zvshk.de<\/a> oder unserer Postadresse mit dem Zusatz &#8222;Der\nDatenschutzbeauftragte&#8220;.<br>\nSoweit Daten f\u00fcr abrechnungstechnische und buchhalterische Zwecke genutzt\nwerden, sind sie von einer K\u00fcndigung beziehungsweise von einer L\u00f6schung nicht\nber\u00fchrt.<\/p>\n\n\n\n<p>IX. Drittanbieter<\/p>\n\n\n\n<p>Links zu Websites anderer Anbieter, die in unserem Angebot\nenthalten sind, werden von dieser Datenschutzerkl\u00e4rung nicht umfasst. Wir haben\nkeinen Einfluss darauf, dass deren Betreiber die Datenschutzbestimmungen\neinhalten.<\/p>\n","protected":false},"excerpt":{"rendered":"<p>1. Im Folgenden informieren wir \u00fcber die Erhebung personenbezogener Daten bei Nutzung unserer Website. Personenbezogene Daten sind alle Daten, die auf Sie pers\u00f6nlich beziehbar sind, z.B. Name, Adresse, E-Mail-Adresse, Nutzerverhalten. I. Information \u00fcber die Erhebung personenbezogener Daten 2. Verantwortlicher gem. Art. 4 Abs. 7 EU-Datenschutz-Grundverordnung (DSGVO) ist: Zentralverband Sanit\u00e4r Heizung Klima ZVSHK, Rathausalle 6, 53757&hellip; <br \/> <a class=\"read-more\" href=\"http:\/\/heizungsservice-distel.de\/?page_id=223\">Weiterlesen<\/a><\/p>\n","protected":false},"author":1,"featured_media":0,"parent":0,"menu_order":0,"comment_status":"closed","ping_status":"closed","template":"","meta":[],"_links":{"self":[{"href":"http:\/\/heizungsservice-distel.de\/index.php?rest_route=\/wp\/v2\/pages\/223"}],"collection":[{"href":"http:\/\/heizungsservice-distel.de\/index.php?rest_route=\/wp\/v2\/pages"}],"about":[{"href":"http:\/\/heizungsservice-distel.de\/index.php?rest_route=\/wp\/v2\/types\/page"}],"author":[{"embeddable":true,"href":"http:\/\/heizungsservice-distel.de\/index.php?rest_route=\/wp\/v2\/users\/1"}],"replies":[{"embeddable":true,"href":"http:\/\/heizungsservice-distel.de\/index.php?rest_route=%2Fwp%2Fv2%2Fcomments&post=223"}],"version-history":[{"count":1,"href":"http:\/\/heizungsservice-distel.de\/index.php?rest_route=\/wp\/v2\/pages\/223\/revisions"}],"predecessor-version":[{"id":224,"href":"http:\/\/heizungsservice-distel.de\/index.php?rest_route=\/wp\/v2\/pages\/223\/revisions\/224"}],"wp:attachment":[{"href":"http:\/\/heizungsservice-distel.de\/index.php?rest_route=%2Fwp%2Fv2%2Fmedia&parent=223"}],"curies":[{"name":"wp","href":"https:\/\/api.w.org\/{rel}","templated":true}]}}