{"id":43,"date":"2019-06-03T13:40:55","date_gmt":"2019-06-03T13:40:55","guid":{"rendered":"http:\/\/heizungsservice-distel.de\/?page_id=43"},"modified":"2019-06-04T15:54:15","modified_gmt":"2019-06-04T15:54:15","slug":"agbs","status":"publish","type":"page","link":"http:\/\/heizungsservice-distel.de\/?page_id=43","title":{"rendered":"AGB\u00b4s"},"content":{"rendered":"\n<table class=\"wp-block-table\"><tbody><tr><td>\n  &nbsp;\n  \n  <\/td><\/tr><\/tbody><\/table>\n\n\n\n<p>Allgemeine<\/p>\n\n\n\n<p>Verkaufsbedingungen<\/p>\n\n\n\n<p>(AGB)<\/p>\n\n\n\n<p>Stand:\n1. Januar 2019<strong><br>\n<\/strong><\/p>\n\n\n\n<p><strong>Allgemeine\nVerkaufsbedingungen *)<\/strong><\/p>\n\n\n\n<p>Wir\ndanken f\u00fcr Ihre Bestellung, die wir unter ausschlie\u00dflicher <\/p>\n\n\n\n<p>Geltung\nder auf der R\u00fcckseite dieses Auftrags abgedruckten <\/p>\n\n\n\n<p>Liefer-\nund Zahlungsbedingungen annehmen.<\/p>\n\n\n\n<p><em>[Text der gut lesbar auf der R\u00fcckseite der\nAuftragsbest\u00e4tigung abgedruckt werden sollte]<\/em><\/p>\n\n\n\n<p><strong>\u00a7 1 Geltungsbereich <\/strong><\/p>\n\n\n\n<ol><li>Diese\nVerkaufsbedingungen gelten ausschlie\u00dflich gegen\u00fcber Unternehmern, juristischen\nPersonen des \u00f6ffentlichen Rechts oder \u00f6ffentlich-rechtlichen Sonderverm\u00f6gen im\nSinne von \u00a7 310 Absatz 1 BGB. Entgegenstehende oder von unseren\nVerkaufsbedingungen abweichende Bedingungen des Bestellers erkennen wir nur an,\nwenn wir ausdr\u00fccklich schriftlich der Geltung zustimmen. <\/li><\/ol>\n\n\n\n<ul><li>Diese\nVerkaufsbedingungen gelten auch f\u00fcr alle zuk\u00fcnftigen Gesch\u00e4fte mit dem\nBesteller, soweit es sich um Rechtsgesch\u00e4fte verwandter Art handelt (vorsorglich\nsollten die Verkaufsbedingungen in jedem Fall der Auftragsbest\u00e4tigung beigef\u00fcgt\nwerden).<\/li><\/ul>\n\n\n\n<ul><li>Im\nEinzelfall getroffene, individuelle Vereinbarungen mit dem K\u00e4ufer\n(einschlie\u00dflich Nebenabreden, Erg\u00e4nzungen und \u00c4nderungen) haben in jedem Fall\nVorrang vor diesen Verkaufsbedingungen. F\u00fcr den Inhalt derartiger\nVereinbarungen ist, vorbehaltlich des Gegenbeweises, ein schriftlicher Vertrag\nbzw. unsere schriftliche Best\u00e4tigung ma\u00dfgebend.<\/li><\/ul>\n\n\n\n<p><strong>\u00a7 2 Angebot und\nVertragsabschluss<\/strong><\/p>\n\n\n\n<p>Sofern eine Bestellung als\nAngebot gem\u00e4\u00df \u00a7 145 BGB anzusehen ist, k\u00f6nnen wir diese innerhalb von zwei\nWochen annehmen.<\/p>\n\n\n\n<p><strong>\u00a7 3 \u00dcberlassene Unterlagen<\/strong><\/p>\n\n\n\n<p>An allen in Zusammenhang mit der\nAuftragserteilung dem Besteller \u00fcberlassenen Unterlagen&nbsp; \u2013 auch in elektronischer Form \u2013, wie z. B.\nKalkulationen, Zeichnungen etc., behalten wir uns Eigentums- und Urheberrechte\nvor. Diese Unterlagen d\u00fcrfen Dritten nicht zug\u00e4nglich gemacht werden, es sei\ndenn, wir erteilen dazu dem Besteller unsere ausdr\u00fcckliche schriftliche\nZustimmung. Soweit wir das Angebot des Bestellers nicht innerhalb der Frist von\n\u00a7 2 annehmen, sind diese Unterlagen uns unverz\u00fcglich zur\u00fcckzusenden.<\/p>\n\n\n\n<p><strong>\u00a7 4 Preise und Zahlung<\/strong><\/p>\n\n\n\n<ol><li>Sofern nichts Gegenteiliges schriftlich\nvereinbart wird, gelten unsere Preise ab Werk ausschlie\u00dflich Verpackung und\nzuz\u00fcglich Mehrwertsteuer in jeweils g\u00fcltiger H\u00f6he. Kosten der Verpackung werden\ngesondert in Rechnung gestellt.<\/li><\/ol>\n\n\n\n<p><strong>*)\nBitte beachten Sie den Benutzerhinweis auf der Vorseite und die Anmerkungen im\nAnhang 1!<\/strong><\/p>\n\n\n\n<ul><li>Die\nZahlung des Kaufpreises hat ausschlie\u00dflich auf das umseitig genannte Konto zu\nerfolgen. Der Abzug von Skonto ist nur bei schriftlicher besonderer\nVereinbarung zul\u00e4ssig.<\/li><\/ul>\n\n\n\n<ul><li>Sofern\nnichts anderes vereinbart wird, ist der Kaufpreis innerhalb von 10 Tagen nach\nLieferung zu zahlen (Alternativen: \u201e &#8230; ist der Kaufpreis innerhalb von 21\nTagen nach Rechnungsstellung zahlbar\u201c oder \u201e &#8230; ist der Kaufpreis bis zum &#8211; <em>konkretes Datum &#8211;<\/em> zahlbar\u201c).\nVerzugszinsen werden in H\u00f6he von 8 % \u00fcber dem jeweiligen Basiszinssatz p.a. <em>(siehe Anlage 1)<\/em> berechnet. Die Geltendmachung\neines h\u00f6heren Verzugsschadens bleibt vorbehalten.<\/li><\/ul>\n\n\n\n<ul><li>Sofern\nkeine Festpreisabrede getroffen wurde, bleiben angemessene Preis\u00e4nderungen\nwegen ver\u00e4nderter Lohn-, Material- und Vertriebskosten f\u00fcr Lieferungen, die 3\nMonate oder sp\u00e4ter nach Vertragsabschluss erfolgen, vorbehalten.<\/li><\/ul>\n\n\n\n<p><strong>\u00a7 5 Zur\u00fcckbehaltungsrechte<\/strong><\/p>\n\n\n\n<p>&nbsp;Zur Aus\u00fcbung eines Zur\u00fcckbehaltungsrechts ist\nder Besteller nur insoweit befugt, als sein Gegenanspruch auf dem gleichen\nVertragsverh\u00e4ltnis beruht.<\/p>\n\n\n\n<p><strong>\u00a7 6 Lieferzeit<\/strong><\/p>\n\n\n\n<ol><li>Der\nBeginn der von uns angegebenen Lieferzeit setzt die rechtzeitige und\nordnungsgem\u00e4\u00dfe Erf\u00fcllung der Verpflichtungen des Bestellers voraus. Die Einrede\ndes nicht erf\u00fcllten Vertrages bleibt vorbehalten.<\/li><\/ol>\n\n\n\n<ul><li>Kommt\nder Besteller in Annahmeverzug oder verletzt er schuldhaft sonstige Mitwirkungspflichten,\nso sind wir berechtigt, den uns insoweit entstehenden Schaden, einschlie\u00dflich\netwaiger Mehraufwendungen ersetzt zu verlangen. Weitergehende Anspr\u00fcche bleiben\nvorbehalten. Sofern vorstehende Voraussetzungen vorliegen, geht die Gefahr\neines zuf\u00e4lligen Untergangs oder einer zuf\u00e4lligen Verschlechterung der\nKaufsache in dem Zeitpunkt auf den Besteller \u00fcber, in dem dieser in Annahme-\noder Schuldnerverzug geraten ist.<\/li><\/ul>\n\n\n\n<ul><li>Wir\nhaften im Fall des von uns nicht vors\u00e4tzlich oder grob fahrl\u00e4ssig herbeigef\u00fchrten\nLieferverzugs f\u00fcr jede vollendete Woche Verzug im Rahmen einer pauschalierten\nVerzugsentsch\u00e4digung in H\u00f6he von 3&nbsp;% des Lieferwertes, maximal jedoch\nnicht mehr als 15&nbsp;% des Lieferwertes.<\/li><\/ul>\n\n\n\n<ul><li>Weitere\ngesetzliche Anspr\u00fcche und Rechte des Bestellers wegen eines Lieferverzuges\nbleiben unber\u00fchrt.<\/li><\/ul>\n\n\n\n<p><strong>\u00a7 7 Gefahr\u00fcbergang bei\nVersendung<\/strong><\/p>\n\n\n\n<p>Wird die Ware auf Wunsch des\nBestellers an diesen versandt, so geht mit der Absendung an den Besteller,\nsp\u00e4testens mit Verlassen des Werks\/Lagers die Gefahr des zuf\u00e4lligen Untergangs\noder der zuf\u00e4lligen Verschlechterung der Ware auf den Besteller \u00fcber. Dies gilt\nunabh\u00e4ngig davon, ob die Versendung der Ware vom Erf\u00fcllungsort erfolgt oder wer\ndie Frachtkosten tr\u00e4gt.<strong><br>\n<\/strong><\/p>\n\n\n\n<p><strong>\u00a7 8 Eigentumsvorbehalt <\/strong><\/p>\n\n\n\n<ol><li>Wir\nbehalten uns das Eigentum an der gelieferten Sache bis zur vollst\u00e4ndigen\nZahlung s\u00e4mtlicher Forderungen aus dem Liefervertrag vor. Dies gilt auch f\u00fcr\nalle zuk\u00fcnftigen Lieferungen, auch wenn wir uns nicht stets ausdr\u00fccklich\nhierauf berufen. Wir sind berechtigt, die Kaufsache zur\u00fcckzunehmen, wenn der\nBesteller sich vertragswidrig verh\u00e4lt.<\/li><\/ol>\n\n\n\n<ul><li>Der\nBesteller ist verpflichtet, solange das Eigentum noch nicht auf ihn\n\u00fcbergegangen ist, die Kaufsache pfleglich zu behandeln. Insbesondere ist er\nverpflichtet, diese auf eigene Kosten gegen Diebstahl-, Feuer- und\nWassersch\u00e4den ausreichend zum Neuwert zu versichern (Hinweis: nur zul\u00e4ssig bei\nVerkauf hochwertiger G\u00fcter). M\u00fcssen Wartungs- und Inspektionsarbeiten\ndurchgef\u00fchrt werden, hat der Besteller diese auf eigene Kosten rechtzeitig\nauszuf\u00fchren. Solange das Eigentum noch nicht \u00fcbergegangen ist, hat uns der\nBesteller unverz\u00fcglich schriftlich zu benachrichtigen, wenn der gelieferte\nGegenstand gepf\u00e4ndet oder sonstigen Eingriffen Dritter ausgesetzt ist. Soweit\nder Dritte nicht in der Lage ist, uns die gerichtlichen und au\u00dfergerichtlichen\nKosten einer Klage gem\u00e4\u00df \u00a7 771 ZPO zu erstatten, haftet der Besteller f\u00fcr den\nuns entstandenen Ausfall. <\/li><\/ul>\n\n\n\n<ul><li>Der\nBesteller ist zur Weiterver\u00e4u\u00dferung der Vorbehaltsware im normalen\nGesch\u00e4ftsverkehr berechtigt. Die Forderungen gegen\u00fcber dem Abnehmer aus der\nWeiterver\u00e4u\u00dferung der Vorbehaltsware tritt der Besteller schon jetzt an uns in\nH\u00f6he des mit uns vereinbarten Faktura-Endbetrages (einschlie\u00dflich\nMehrwertsteuer) ab. Diese Abtretung gilt unabh\u00e4ngig davon, ob die Kaufsache\nohne oder nach Verarbeitung weiterverkauft worden ist. Der Besteller bleibt zur\nEinziehung der Forderung auch nach der Abtretung erm\u00e4chtigt. Unsere Befugnis,\ndie Forderung selbst einzuziehen, bleibt davon unber\u00fchrt. Wir werden jedoch die\nForderung nicht einziehen, solange der Besteller seinen Zahlungsverpflichtungen\naus den vereinnahmten Erl\u00f6sen nachkommt, nicht in Zahlungsverzug ist und\ninsbesondere kein Antrag auf Er\u00f6ffnung eines Insolvenzverfahrens gestellt ist\noder Zahlungseinstellung vorliegt. [Anmerkung: Diese Klausel entf\u00e4llt, wenn\nkein verl\u00e4ngerter Eigentumsvorbehalt gewollt ist.]<\/li><\/ul>\n\n\n\n<ul><li>Die\nBe- und Verarbeitung oder Umbildung der Kaufsache durch den Besteller erfolgt\nstets Namens und im Auftrag f\u00fcr uns. In diesem Fall setzt sich das\nAnwartschaftsrecht des Bestellers an der Kaufsache an der umgebildeten Sache\nfort. Sofern die Kaufsache mit anderen, uns nicht geh\u00f6renden Gegenst\u00e4nden\nverarbeitet wird, erwerben wir das Miteigentum an der neuen Sache im Verh\u00e4ltnis\ndes objektiven Wertes unserer Kaufsache zu den anderen bearbeiteten\nGegenst\u00e4nden zur Zeit der Verarbeitung. Dasselbe gilt f\u00fcr den Fall der\nVermischung. Sofern die Vermischung in der Weise erfolgt, dass die Sache des\nBestellers als Hauptsache anzusehen ist, gilt als vereinbart, dass der\nBesteller uns anteilm\u00e4\u00dfig Miteigentum \u00fcbertr\u00e4gt und das so entstandene\nAlleineigentum oder Miteigentum f\u00fcr uns verwahrt. Zur Sicherung unserer\nForderungen gegen den Besteller tritt der Besteller auch solche Forderungen an\nuns ab, die ihm durch die Verbindung der Vorbehaltsware mit einem Grundst\u00fcck\ngegen einen Dritten erwachsen; wir nehmen diese Abtretung schon jetzt an.<\/li><\/ul>\n\n\n\n<ul><li>Wir\nverpflichten uns, die uns zustehenden Sicherheiten auf Verlangen des Bestellers\nfreizugeben, soweit ihr Wert die zu sichernden Forderungen um mehr als 20 %\n\u00fcbersteigt.<\/li><\/ul>\n\n\n\n<p><strong><br>\n<\/strong><\/p>\n\n\n\n<p><strong>\u00a7 9 Gew\u00e4hrleistung\nund M\u00e4ngelr\u00fcge sowie R\u00fcckgriff\/Herstellerregress<\/strong><\/p>\n\n\n\n<ol><li>Gew\u00e4hrleistungsrechte\ndes Bestellers setzen voraus, dass dieser seinen nach \u00a7 377 HGB geschuldeten\nUntersuchungs- und R\u00fcgeobliegenheiten ordnungsgem\u00e4\u00df nachgekommen ist. <\/li><\/ol>\n\n\n\n<ul><li>M\u00e4ngelanspr\u00fcche\nverj\u00e4hren in 12 Monaten nach erfolgter Ablieferung der von uns gelieferten Ware\nbei unserem Besteller. F\u00fcr Schadensersatzanspr\u00fcche bei Vorsatz und grober\nFahrl\u00e4ssigkeit sowie bei Verletzung von Leben, K\u00f6rper und Gesundheit, die auf\neiner vors\u00e4tzlichen oder fahrl\u00e4ssigen Pflichtverletzung des Verwenders beruhen,\ngilt die gesetzliche Verj\u00e4hrungsfrist. (Hinweis: bei dem Verkauf gebrauchter\nG\u00fcter kann die Gew\u00e4hrleistungsfrist mit Ausnahme der im Satz 2 genannten\nSchadensersatzanspr\u00fcche ganz ausgeschlossen werden). <\/li><\/ul>\n\n\n\n<p>Soweit das\nGesetz gem\u00e4\u00df \u00a7 438 Abs. 1 Nr. 2 BGB (Bauwerke und Sachen f\u00fcr Bauwerke), \u00a7 445 b\nBGB (R\u00fcckgriffsanspruch) und \u00a7 634a Absatz 1 BGB (Baum\u00e4ngel) l\u00e4ngere Fristen\nzwingend vorschreibt, gelten diese Fristen. Vor etwaiger R\u00fccksendung der Ware\nist unsere Zustimmung einzuholen.<\/p>\n\n\n\n<ul><li>Sollte\ntrotz aller aufgewendeter Sorgfalt die gelieferte Ware einen Mangel aufweisen,\nder bereits zum Zeitpunkt des Gefahr\u00fcbergangs vorlag, so werden wir die Ware,\nvorbehaltlich fristgerechter M\u00e4ngelr\u00fcge nach unserer Wahl nachbessern oder\nErsatzware liefern. Es ist uns stets Gelegenheit zur Nacherf\u00fcllung innerhalb\nangemessener Frist zu geben. R\u00fcckgriffsanspr\u00fcche bleiben von vorstehender\nRegelung ohne Einschr\u00e4nkung unber\u00fchrt.<\/li><\/ul>\n\n\n\n<ul><li>Schl\u00e4gt\ndie Nacherf\u00fcllung fehl, kann der Besteller \u2013 unbeschadet etwaiger\nSchadensersatzanspr\u00fcche \u2013 vom Vertrag zur\u00fccktreten oder die Verg\u00fctung mindern.<\/li><\/ul>\n\n\n\n<ul><li>M\u00e4ngelanspr\u00fcche\nbestehen nicht bei nur unerheblicher Abweichung von der vereinbarten\nBeschaffenheit, bei nur unerheblicher Beeintr\u00e4chtigung der Brauchbarkeit, bei\nnat\u00fcrlicher Abnutzung oder Verschlei\u00df wie bei Sch\u00e4den, die nach dem\nGefahr\u00fcbergang infolge fehlerhafter oder nachl\u00e4ssiger Behandlung, \u00fcberm\u00e4\u00dfiger\nBeanspruchung, ungeeigneter Betriebsmittel, mangelhafter Bauarbeiten,\nungeeigneten Baugrundes oder aufgrund besonderer \u00e4u\u00dferer Einfl\u00fcsse entstehen,\ndie nach dem Vertrag nicht vorausgesetzt sind. Werden vom Besteller oder\nDritten unsachgem\u00e4\u00df Instandsetzungsarbeiten oder \u00c4nderungen vorgenommen, so\nbestehen f\u00fcr diese und die daraus entstehenden Folgen ebenfalls keine\nM\u00e4ngelanspr\u00fcche. <\/li><\/ul>\n\n\n\n<ul><li>Anspr\u00fcche\ndes Bestellers wegen der zum Zweck der Nacherf\u00fcllung erforderlichen\nAufwendungen, insbesondere Transport-, Wege-, Arbeits- und Materialkosten, sind\nausgeschlossen, soweit die Aufwendungen sich erh\u00f6hen, weil die von uns\ngelieferte Ware nachtr\u00e4glich an einen anderen Ort als die Niederlassung des\nBestellers verbracht worden ist, es sei denn, die Verbringung entspricht ihrem\nbestimmungsgem\u00e4\u00dfen Gebrauch. <\/li><\/ul>\n\n\n\n<ul><li>R\u00fcckgriffsanspr\u00fcche\ndes Bestellers gegen uns bestehen nur insoweit, als der Besteller mit seinem\nAbnehmer keine \u00fcber die gesetzlich zwingenden M\u00e4ngelanspr\u00fcche hinausgehenden\nVereinbarungen getroffen hat. F\u00fcr den Umfang des R\u00fcckgriffsanspruches des\nBestellers gegen den Lieferer gilt ferner Absatz 6 entsprechend.<\/li><\/ul>\n\n\n\n<p><strong><br>\n<\/strong><\/p>\n\n\n\n<p><strong>\u00a7 10 Sonstiges<\/strong><\/p>\n\n\n\n<ol><li>Dieser\nVertrag und die gesamten Rechtsbeziehungen der Parteien unterliegen dem Recht\nder Bundesrepublik Deutschland unter Ausschluss des UN-Kaufrechts (CISG).<\/li><\/ol>\n\n\n\n<ul><li>Erf\u00fcllungsort\nund ausschlie\u00dflicher Gerichtsstand und f\u00fcr alle Streitigkeiten aus diesem\nVertrag ist unser Gesch\u00e4ftssitz, sofern sich aus der Auftragsbest\u00e4tigung nichts\nanderes ergibt (Hinweis: Die Verwendung der Klausel ist unzul\u00e4ssig, wenn\nmindestens eine der Parteien ein nicht im Handelsregister eingetragenes\nUnternehmen ist)<\/li><\/ul>\n\n\n\n<ul><li>Alle Vereinbarungen,\ndie zwischen den Parteien zwecks Ausf\u00fchrung dieses Vertrages getroffen werden,\nsind in diesem Vertrag schriftlich niedergelegt.<\/li><\/ul>\n\n\n\n<h1>Anhang 1:&nbsp; <\/h1>\n\n\n\n<h1>Anmerkungen<\/h1>\n\n\n\n<p>Obwohl die\nKlauselverbote der Katalogtatbest\u00e4nde der \u00a7\u00a7 308, 309 BGB gem. \u00a7 310 Abs. 1 BGB\nnicht f\u00fcr AGBs gelten, die gegen\u00fcber Unternehmern i. S. d. \u00a7 14 BGB verwandt\nwerden, ist nicht im Umkehrschluss automatisch davon auszugehen, dass die\nVerwendung von Klauseln wie die in den \u00a7\u00a7 308, 309 BGB genannt gegen\u00fcber\nUnternehmern im Regelfall der Inhaltskontrolle der \u00a7\u00a7 305 ff. BGB standhalten.\nGem\u00e4\u00df \u00a7 307 Abs. 1, 2 Nr. 1 BGB, der auch bei der Verwendung von AGBs gegen\u00fcber\nUnternehmern gilt, ist eine unangemessene Benachteiligung des Vertragspartners\nim Zweifel anzunehmen, wenn die Klausel mit wesentlichen Grundgedanken der\ngesetzlichen Regelung, von der abgewichen wird, nicht vereinbar ist. Dies f\u00fchrt\nnach der Rechtsprechung dazu, dass die Klauselverbotskataloge der \u00a7\u00a7 308, 309\nBGB \u00fcber die Auslegung des \u00a7 307 BGB auch im kaufm\u00e4nnischen Verkehr indirekte\nBedeutung erlangen. <\/p>\n\n\n\n<p>Die\nKlauselverbote des \u00a7 308 BGB sind dabei in der Regel auf den Verkauf zwischen\nUnternehmern \u00fcbertragbar, weil in ihren Wertungsspielr\u00e4umen die kaufm\u00e4nnischen\nBesonderheiten ber\u00fccksichtigt werden. Dagegen ist bei den Verboten des \u00a7 309\nBGB eine derart pauschale L\u00f6sung nicht m\u00f6glich, der Versto\u00df gegen \u00a7 309 ist\naber auch beim Verkauf zwischen Unternehmern ein Indiz f\u00fcr die Unwirksamkeit\nder Klausel. Hier empfiehlt sich, vor der Verwendung der AGBs eine\nEinzelfallpr\u00fcfung durch einen Rechtskundigen vornehmen zu lassen.<\/p>\n\n\n\n<h5>Transparenzgebot<\/h5>\n\n\n\n<p>Dieses Gebot bedeutet, dass eine\nKlausel in AGB im Zweifel auch dann unangemessen benachteiligend ist, wenn sie\nnicht klar und verst\u00e4ndlich ist. Dieses Gebot bedeutet, dass intransparente Klauseln\nper se, ohne Hinzutreten einer inhaltlichen unangemessenen Benachteiligung des\nVertragspartners, als unwirksam zu betrachten sind. Ferner bedeutet dies auch,\ndass das Transparenzgebot auch f\u00fcr Preisbestimmungen und leistungsbeschreibende\nKlauseln, die grunds\u00e4tzlich von der Inhaltskontrolle ausgenommen sind, gilt.<\/p>\n\n\n\n<h1>Gew\u00e4hrleistungsfristen<\/h1>\n\n\n\n<p>Bei Kauf- und Werkvertrag betr\u00e4gt\ndie Gew\u00e4hrleistungsfrist 2 Jahre. Durch AGB kann die Gew\u00e4hrleistungsfrist wie\nfolgt verk\u00fcrzt werden:<\/p>\n\n\n\n<p>Bewegliche Sachen au\u00dfer\nBaumaterialien<\/p>\n\n\n\n<p>&#8211; neu&nbsp;&nbsp;&nbsp;&nbsp;&nbsp;&nbsp;&nbsp;&nbsp;&nbsp;&nbsp;&nbsp;&nbsp;&nbsp;&nbsp;&nbsp;&nbsp;&nbsp;&nbsp;&nbsp;&nbsp;&nbsp;&nbsp;&nbsp;&nbsp;&nbsp;&nbsp;&nbsp;&nbsp;&nbsp;&nbsp;&nbsp;&nbsp;&nbsp;&nbsp;&nbsp;&nbsp;&nbsp;&nbsp; &#8211; K\u00e4ufer\nist Verbraucher&nbsp;&nbsp;&nbsp;&nbsp;&nbsp;&nbsp;&nbsp;&nbsp;&nbsp;&nbsp;&nbsp;&nbsp;&nbsp;&nbsp;&nbsp;&nbsp;&nbsp;&nbsp;&nbsp;&nbsp;&nbsp;&nbsp;&nbsp;&nbsp;&nbsp;&nbsp;&nbsp;&nbsp;&nbsp;&nbsp;&nbsp; 2\nJahre<\/p>\n\n\n\n<p>&nbsp;&nbsp;&nbsp;&nbsp;&nbsp;&nbsp;&nbsp;&nbsp;&nbsp;&nbsp;&nbsp;&nbsp;&nbsp;&nbsp;&nbsp;&nbsp;&nbsp;&nbsp;&nbsp;&nbsp;&nbsp;&nbsp;&nbsp;&nbsp;&nbsp;&nbsp;&nbsp;&nbsp;&nbsp;&nbsp;&nbsp;&nbsp;&nbsp;&nbsp;&nbsp;&nbsp;&nbsp;&nbsp;&nbsp;&nbsp;&nbsp;&nbsp;&nbsp;&nbsp;&nbsp;&nbsp; &#8211; K\u00e4ufer ist\nUnternehmer&nbsp;&nbsp;&nbsp;&nbsp;&nbsp;&nbsp;&nbsp;&nbsp;&nbsp;&nbsp;&nbsp;&nbsp;&nbsp;&nbsp;&nbsp;&nbsp;&nbsp;&nbsp;&nbsp;&nbsp;&nbsp;&nbsp;&nbsp;&nbsp;&nbsp;&nbsp;&nbsp;&nbsp;&nbsp;&nbsp; 1\nJahr<\/p>\n\n\n\n<p>&#8211; gebraucht&nbsp;&nbsp;&nbsp;&nbsp;&nbsp;&nbsp;&nbsp;&nbsp;&nbsp;&nbsp;&nbsp;&nbsp;&nbsp;&nbsp;&nbsp;&nbsp;&nbsp;&nbsp;&nbsp;&nbsp;&nbsp;&nbsp;&nbsp;&nbsp;&nbsp;&nbsp;&nbsp;&nbsp; &#8211; K\u00e4ufer ist\nVerbraucher&nbsp;&nbsp;&nbsp;&nbsp;&nbsp;&nbsp;&nbsp;&nbsp;&nbsp;&nbsp;&nbsp;&nbsp;&nbsp;&nbsp;&nbsp;&nbsp;&nbsp;&nbsp;&nbsp;&nbsp;&nbsp;&nbsp;&nbsp;&nbsp;&nbsp;&nbsp;&nbsp;&nbsp;&nbsp;&nbsp;&nbsp; 1\nJahr<\/p>\n\n\n\n<p>&nbsp;&nbsp;&nbsp;&nbsp;&nbsp;&nbsp;&nbsp;&nbsp;&nbsp;&nbsp;&nbsp;&nbsp;&nbsp;&nbsp;&nbsp;&nbsp;&nbsp;&nbsp;&nbsp;&nbsp;&nbsp;&nbsp;&nbsp;&nbsp;&nbsp;&nbsp;&nbsp;&nbsp;&nbsp;&nbsp;&nbsp;&nbsp;&nbsp;&nbsp;&nbsp;&nbsp;&nbsp;&nbsp;&nbsp;&nbsp;&nbsp;&nbsp;&nbsp;&nbsp;&nbsp;&nbsp; &#8211; K\u00e4ufer ist\nUnternehmer&nbsp;&nbsp;&nbsp;&nbsp;&nbsp;&nbsp;&nbsp;&nbsp;&nbsp;&nbsp;&nbsp;&nbsp;&nbsp;&nbsp;&nbsp;&nbsp;&nbsp;&nbsp;&nbsp;&nbsp;&nbsp;&nbsp;&nbsp;&nbsp;&nbsp;&nbsp;&nbsp;&nbsp;&nbsp;&nbsp; keine<\/p>\n\n\n\n<p>Baumaterialien (sofern\neingebaut)<\/p>\n\n\n\n<p>&#8211; neu&nbsp;&nbsp;&nbsp;&nbsp;&nbsp;&nbsp;&nbsp;&nbsp;&nbsp;&nbsp;&nbsp;&nbsp;&nbsp;&nbsp;&nbsp;&nbsp;&nbsp;&nbsp;&nbsp;&nbsp;&nbsp;&nbsp;&nbsp;&nbsp;&nbsp;&nbsp;&nbsp;&nbsp;&nbsp;&nbsp;&nbsp;&nbsp;&nbsp;&nbsp;&nbsp;&nbsp;&nbsp;&nbsp;&nbsp;&nbsp;&nbsp;&nbsp;&nbsp;&nbsp;&nbsp;&nbsp;&nbsp;&nbsp;&nbsp;&nbsp;&nbsp;&nbsp;&nbsp;&nbsp;&nbsp;&nbsp;&nbsp;&nbsp;&nbsp;&nbsp;&nbsp;&nbsp;&nbsp;&nbsp;&nbsp;&nbsp;&nbsp;&nbsp;&nbsp;&nbsp;&nbsp;&nbsp;&nbsp;&nbsp;&nbsp;&nbsp;&nbsp;&nbsp;&nbsp;&nbsp;&nbsp;&nbsp;&nbsp;&nbsp;&nbsp;&nbsp;&nbsp;&nbsp;&nbsp;&nbsp;&nbsp;&nbsp;&nbsp;&nbsp;&nbsp;&nbsp;&nbsp;&nbsp;&nbsp;&nbsp;&nbsp;&nbsp;&nbsp;&nbsp;&nbsp;&nbsp;&nbsp;&nbsp;&nbsp; 5\nJahre<\/p>\n\n\n\n<p>&#8211; gebraucht&nbsp;&nbsp;&nbsp;&nbsp;&nbsp;&nbsp;&nbsp;&nbsp;&nbsp;&nbsp;&nbsp;&nbsp;&nbsp;&nbsp;&nbsp;&nbsp;&nbsp;&nbsp;&nbsp;&nbsp;&nbsp;&nbsp;&nbsp;&nbsp;&nbsp;&nbsp;&nbsp;&nbsp; &#8211; K\u00e4ufer ist\nVerbraucher&nbsp;&nbsp;&nbsp;&nbsp;&nbsp;&nbsp;&nbsp;&nbsp;&nbsp;&nbsp;&nbsp;&nbsp;&nbsp;&nbsp;&nbsp;&nbsp;&nbsp;&nbsp;&nbsp;&nbsp;&nbsp;&nbsp;&nbsp;&nbsp;&nbsp;&nbsp;&nbsp;&nbsp;&nbsp;&nbsp;&nbsp; 1\nJahr<\/p>\n\n\n\n<p>&nbsp;&nbsp;&nbsp;&nbsp;&nbsp;&nbsp;&nbsp;&nbsp;&nbsp;&nbsp;&nbsp;&nbsp;&nbsp;&nbsp;&nbsp;&nbsp;&nbsp;&nbsp;&nbsp;&nbsp;&nbsp;&nbsp;&nbsp;&nbsp;&nbsp;&nbsp;&nbsp;&nbsp;&nbsp;&nbsp;&nbsp;&nbsp;&nbsp;&nbsp;&nbsp;&nbsp;&nbsp;&nbsp;&nbsp;&nbsp;&nbsp;&nbsp;&nbsp;&nbsp;&nbsp;&nbsp; &#8211; K\u00e4ufer ist\nUnternehmer&nbsp;&nbsp;&nbsp;&nbsp;&nbsp;&nbsp;&nbsp;&nbsp;&nbsp;&nbsp;&nbsp;&nbsp;&nbsp;&nbsp;&nbsp;&nbsp;&nbsp;&nbsp;&nbsp;&nbsp;&nbsp;&nbsp;&nbsp;&nbsp;&nbsp;&nbsp;&nbsp;&nbsp;&nbsp;&nbsp; keine<\/p>\n\n\n\n<p>unbebaute Grundst\u00fccke&nbsp;&nbsp;&nbsp;&nbsp;&nbsp;&nbsp;&nbsp;&nbsp;&nbsp;&nbsp;&nbsp;&nbsp;&nbsp;&nbsp;&nbsp;&nbsp;&nbsp;&nbsp;&nbsp;&nbsp;&nbsp;&nbsp;&nbsp;&nbsp;&nbsp;&nbsp;&nbsp;&nbsp;&nbsp;&nbsp;&nbsp;&nbsp;&nbsp;&nbsp;&nbsp;&nbsp;&nbsp;&nbsp;&nbsp;&nbsp;&nbsp;&nbsp;&nbsp;&nbsp;&nbsp;&nbsp;&nbsp;&nbsp;&nbsp;&nbsp;&nbsp;&nbsp;&nbsp;&nbsp;&nbsp;&nbsp;&nbsp;&nbsp;&nbsp;&nbsp;&nbsp;&nbsp;&nbsp;&nbsp;&nbsp;&nbsp;&nbsp;&nbsp;&nbsp;&nbsp;&nbsp;&nbsp;&nbsp;&nbsp;&nbsp;&nbsp;&nbsp;&nbsp; keine<\/p>\n\n\n\n<p>Bauwerke<\/p>\n\n\n\n<p>&#8211; Neubau&nbsp;&nbsp;&nbsp;&nbsp;&nbsp;&nbsp;&nbsp;&nbsp;&nbsp;&nbsp;&nbsp;&nbsp;&nbsp;&nbsp;&nbsp;&nbsp;&nbsp;&nbsp;&nbsp;&nbsp;&nbsp;&nbsp;&nbsp;&nbsp;&nbsp;&nbsp;&nbsp;&nbsp;&nbsp;&nbsp;&nbsp;&nbsp;&nbsp;&nbsp;&nbsp;&nbsp;&nbsp;&nbsp;&nbsp;&nbsp;&nbsp;&nbsp;&nbsp;&nbsp;&nbsp;&nbsp;&nbsp;&nbsp;&nbsp;&nbsp;&nbsp;&nbsp;&nbsp;&nbsp;&nbsp;&nbsp;&nbsp;&nbsp;&nbsp;&nbsp;&nbsp;&nbsp;&nbsp;&nbsp;&nbsp;&nbsp;&nbsp;&nbsp;&nbsp;&nbsp;&nbsp;&nbsp;&nbsp;&nbsp;&nbsp;&nbsp;&nbsp;&nbsp;&nbsp;&nbsp;&nbsp;&nbsp;&nbsp;&nbsp;&nbsp;&nbsp;&nbsp;&nbsp;&nbsp;&nbsp;&nbsp;&nbsp;&nbsp;&nbsp;&nbsp;&nbsp;&nbsp;&nbsp;&nbsp;&nbsp;&nbsp;&nbsp; 5\nJahre<\/p>\n\n\n\n<p>&#8211; Altbau&nbsp;&nbsp;&nbsp;&nbsp;&nbsp;&nbsp;&nbsp;&nbsp;&nbsp;&nbsp;&nbsp;&nbsp;&nbsp;&nbsp;&nbsp;&nbsp;&nbsp;&nbsp;&nbsp;&nbsp;&nbsp;&nbsp;&nbsp;&nbsp;&nbsp;&nbsp;&nbsp;&nbsp;&nbsp;&nbsp;&nbsp;&nbsp;&nbsp;&nbsp;&nbsp;&nbsp;&nbsp;&nbsp;&nbsp;&nbsp;&nbsp;&nbsp;&nbsp;&nbsp;&nbsp;&nbsp;&nbsp;&nbsp;&nbsp;&nbsp;&nbsp;&nbsp;&nbsp;&nbsp;&nbsp;&nbsp;&nbsp;&nbsp;&nbsp;&nbsp;&nbsp;&nbsp;&nbsp;&nbsp;&nbsp;&nbsp;&nbsp;&nbsp;&nbsp;&nbsp;&nbsp;&nbsp;&nbsp;&nbsp;&nbsp;&nbsp;&nbsp;&nbsp;&nbsp;&nbsp;&nbsp;&nbsp;&nbsp;&nbsp;&nbsp;&nbsp;&nbsp;&nbsp;&nbsp;&nbsp;&nbsp;&nbsp;&nbsp;&nbsp;&nbsp;&nbsp;&nbsp;&nbsp;&nbsp;&nbsp;&nbsp;&nbsp;&nbsp;&nbsp;&nbsp; keine<\/p>\n\n\n\n<h1>M\u00e4ngelanzeigepflicht<\/h1>\n\n\n\n<p>F\u00fcr nicht offensichtliche M\u00e4ngel\ndarf die M\u00e4ngelanzeigefrist nicht k\u00fcrzer als ein Jahr in den AGB gesetzt\nwerden. Fristbeginn ist der gesetzliche Verj\u00e4hrungsbeginn.<\/p>\n\n\n\n<h1>Aufwendungsersatz bei Nacherf\u00fcllung<\/h1>\n\n\n\n<p>Der Verk\u00e4ufer hat gem\u00e4\u00df \u00a7 439\nAbs. 2 BGB die zum Zwecke der Nacherf\u00fcllung erforderlichen Aufwendungen (z. B.\nTransport-, Wege-, Arbeits- und Materialkosten) zu tragen. Diese Pflicht darf\ndurch AGB nicht ausgeschlossen werden. <\/p>\n\n\n\n<h1>Beschr\u00e4nkung auf Nacherf\u00fcllung<\/h1>\n\n\n\n<p>Der K\u00e4ufer kann bei einer\nmangelhaften Sache als Nacherf\u00fcllung nach seiner Wahl die Beseitigung des\nMangels oder die Lieferung einer mangelfreien Sache oder bei Vorliegen der\nVoraussetzungen auch Schadenersatz verlangen. Erst wenn die Nacherf\u00fcllung nicht\ngelingt, nicht m\u00f6glich oder nicht zumutbar ist, kann der K\u00e4ufer \u2013 in zweiter\nLinie \u2013 Gew\u00e4hrleistungsrechte geltend machen: R\u00fccktritt oder Minderung.&nbsp; Beschr\u00e4nkungen allein auf die Nacherf\u00fcllung\nsind unwirksam, wenn dem anderen Vertragsteil bei Fehlschlagen der\nNacherf\u00fcllung das Minderungsrecht aberkannt wird. <\/p>\n\n\n\n<h1>Haftungsbeschr\u00e4nkungen<\/h1>\n\n\n\n<p>Jeder Ausschluss oder eine\nBegrenzung der Haftung f\u00fcr Sch\u00e4den aus der Verletzung des Lebens, des K\u00f6rpers\noder der Gesundheit, die auf einer vors\u00e4tzlichen oder fahrl\u00e4ssigen\nPflichtverletzung des Verwenders oder einer vors\u00e4tzlichen oder fahrl\u00e4ssigen\nPflichtverletzung eines gesetzlichen Vertreters oder Erf\u00fcllungsgehilfen des\nVerwenders beruhen, ist unwirksam.<\/p>\n\n\n\n<h5>H\u00f6he der Verzugszinsen<\/h5>\n\n\n\n<p>Ab Beginn des Verzugs schuldet\nder K\u00e4ufer dem Verk\u00e4ufer zus\u00e4tzlich zum Kaufpreis Verzugszinsen. Ist an dem\nKaufvertrag ein Verbraucher beteiligt, sei es als K\u00e4ufer oder als Verk\u00e4ufer,\nbetr\u00e4gt der Zinssatz 5 % \u00fcber dem Basiszinssatz. Bei Kaufvertr\u00e4gen zwischen\nUnternehmern wird der Zinssatz durch die Schuldrechtsreform auf 8 % \u00fcber dem\nBasiszinssatz erh\u00f6ht.<\/p>\n\n\n\n<p>Unter <a href=\"https:\/\/www.bundesbank.de\/Redaktion\/DE\/Standardartikel\/Bundesbank\/Zinssaetze\/basiszinssatz.html\">https:\/\/www.bundesbank.de\/Redaktion\/DE\/Standardartikel\/Bundesbank\/Zinssaetze\/basiszinssatz.html<\/a>\nk\u00f6nnen die aktuellen Basiszinss\u00e4tze ermittelt werden.<\/p>\n","protected":false},"excerpt":{"rendered":"<p>&nbsp; Allgemeine Verkaufsbedingungen (AGB) Stand: 1. Januar 2019 Allgemeine Verkaufsbedingungen *) Wir danken f\u00fcr Ihre Bestellung, die wir unter ausschlie\u00dflicher Geltung der auf der R\u00fcckseite dieses Auftrags abgedruckten Liefer- und Zahlungsbedingungen annehmen. [Text der gut lesbar auf der R\u00fcckseite der Auftragsbest\u00e4tigung abgedruckt werden sollte] \u00a7 1 Geltungsbereich Diese Verkaufsbedingungen gelten ausschlie\u00dflich gegen\u00fcber Unternehmern, juristischen Personen&hellip; <br \/> <a class=\"read-more\" href=\"http:\/\/heizungsservice-distel.de\/?page_id=43\">Weiterlesen<\/a><\/p>\n","protected":false},"author":1,"featured_media":0,"parent":0,"menu_order":0,"comment_status":"closed","ping_status":"closed","template":"","meta":[],"_links":{"self":[{"href":"http:\/\/heizungsservice-distel.de\/index.php?rest_route=\/wp\/v2\/pages\/43"}],"collection":[{"href":"http:\/\/heizungsservice-distel.de\/index.php?rest_route=\/wp\/v2\/pages"}],"about":[{"href":"http:\/\/heizungsservice-distel.de\/index.php?rest_route=\/wp\/v2\/types\/page"}],"author":[{"embeddable":true,"href":"http:\/\/heizungsservice-distel.de\/index.php?rest_route=\/wp\/v2\/users\/1"}],"replies":[{"embeddable":true,"href":"http:\/\/heizungsservice-distel.de\/index.php?rest_route=%2Fwp%2Fv2%2Fcomments&post=43"}],"version-history":[{"count":4,"href":"http:\/\/heizungsservice-distel.de\/index.php?rest_route=\/wp\/v2\/pages\/43\/revisions"}],"predecessor-version":[{"id":149,"href":"http:\/\/heizungsservice-distel.de\/index.php?rest_route=\/wp\/v2\/pages\/43\/revisions\/149"}],"wp:attachment":[{"href":"http:\/\/heizungsservice-distel.de\/index.php?rest_route=%2Fwp%2Fv2%2Fmedia&parent=43"}],"curies":[{"name":"wp","href":"https:\/\/api.w.org\/{rel}","templated":true}]}}